{"id":500,"date":"2017-07-14T08:20:09","date_gmt":"2017-07-14T08:20:09","guid":{"rendered":"http:\/\/demo.mysterythemes.com\/news-portal\/?page_id=7"},"modified":"2024-12-11T13:35:24","modified_gmt":"2024-12-11T13:35:24","slug":"iletisim-bilgileri","status":"publish","type":"page","link":"https:\/\/www.oksijentupudolumu.com.tr\/?page_id=500","title":{"rendered":"\u0130leti\u015fim Bilgileri"},"content":{"rendered":"<p>&nbsp;<\/p>\n<p>A\u015fa\u011f\u0131daki ileti\u015fim bilgilerimizden bize ula\u015fabilir, dilerseniz ileti\u015fim formunu doldurarak bize mesaj b\u0131rakabilirsiniz.<\/p>\n<p>Mesajlar\u0131n\u0131za m\u00fcmk\u00fcn olan en k\u0131sa zamanda d\u00f6n\u00fc\u015f yap\u0131lacakt\u0131r. Sa\u011fl\u0131kl\u0131 g\u00fcnler dileriz.<\/p>\n<p>&nbsp;<\/p>\n<p><img decoding=\"async\" class=\"emoji\" role=\"img\" draggable=\"false\" src=\"https:\/\/s.w.org\/images\/core\/emoji\/14.0.0\/svg\/1f4bb.svg\" alt=\"\ud83d\udcbb\" \/> oksijentupudolumu.com.tr<\/p>\n<p><img decoding=\"async\" class=\"emoji\" role=\"img\" draggable=\"false\" src=\"https:\/\/s.w.org\/images\/core\/emoji\/14.0.0\/svg\/1f4f1.svg\" alt=\"\ud83d\udcf1\" \/> 0216 396 99 96<\/p>\n<p>0530 930 38 52<\/p>\n<p><img decoding=\"async\" class=\"emoji\" role=\"img\" draggable=\"false\" src=\"https:\/\/s.w.org\/images\/core\/emoji\/14.0.0\/svg\/1f4cd.svg\" alt=\"\ud83d\udccd\" \/> \u0130stanbul\/Anadolu Yakas\u0131<\/p>\n<p>&nbsp;<\/p>\n<p>&nbsp;<\/p>\n<p>[wpforms id=&#8221;532&#8243;]<\/p>\n<p>&nbsp;<\/p>\n<p>&nbsp;<\/p>\n","protected":false},"excerpt":{"rendered":"<p>&nbsp; A\u015fa\u011f\u0131daki ileti\u015fim bilgilerimizden bize ula\u015fabilir, dilerseniz ileti\u015fim formunu doldurarak bize mesaj b\u0131rakabilirsiniz. Mesajlar\u0131n\u0131za m\u00fcmk\u00fcn olan en k\u0131sa zamanda d\u00f6n\u00fc\u015f yap\u0131lacakt\u0131r. Sa\u011fl\u0131kl\u0131 g\u00fcnler dileriz. &nbsp; oksijentupudolumu.com.tr 0216 396 99 96 0530 930 38 52 \u0130stanbul\/Anadolu Yakas\u0131 &nbsp; &nbsp; [wpforms id=&#8221;532&#8243;] &nbsp; &nbsp;<\/p>\n","protected":false},"author":1,"featured_media":0,"parent":0,"menu_order":0,"comment_status":"closed","ping_status":"closed","template":"","meta":{"footnotes":""},"class_list":["post-500","page","type-page","status-publish","hentry"],"_links":{"self":[{"href":"https:\/\/www.oksijentupudolumu.com.tr\/index.php?rest_route=\/wp\/v2\/pages\/500","targetHints":{"allow":["GET"]}}],"collection":[{"href":"https:\/\/www.oksijentupudolumu.com.tr\/index.php?rest_route=\/wp\/v2\/pages"}],"about":[{"href":"https:\/\/www.oksijentupudolumu.com.tr\/index.php?rest_route=\/wp\/v2\/types\/page"}],"author":[{"embeddable":true,"href":"https:\/\/www.oksijentupudolumu.com.tr\/index.php?rest_route=\/wp\/v2\/users\/1"}],"replies":[{"embeddable":true,"href":"https:\/\/www.oksijentupudolumu.com.tr\/index.php?rest_route=%2Fwp%2Fv2%2Fcomments&post=500"}],"version-history":[{"count":1,"href":"https:\/\/www.oksijentupudolumu.com.tr\/index.php?rest_route=\/wp\/v2\/pages\/500\/revisions"}],"predecessor-version":[{"id":2158,"href":"https:\/\/www.oksijentupudolumu.com.tr\/index.php?rest_route=\/wp\/v2\/pages\/500\/revisions\/2158"}],"wp:attachment":[{"href":"https:\/\/www.oksijentupudolumu.com.tr\/index.php?rest_route=%2Fwp%2Fv2%2Fmedia&parent=500"}],"curies":[{"name":"wp","href":"https:\/\/api.w.org\/{rel}","templated":true}]}}