{"id":16,"date":"2017-07-17T09:12:50","date_gmt":"2017-07-17T09:12:50","guid":{"rendered":"http:\/\/demo.mysterythemes.com\/news-portal\/?page_id=16"},"modified":"2024-05-21T19:06:12","modified_gmt":"2024-05-21T19:06:12","slug":"about","status":"publish","type":"page","link":"https:\/\/www.oksijentupudolumu.com.tr\/?page_id=16","title":{"rendered":"Hakk\u0131m\u0131zda"},"content":{"rendered":"<p>2008 y\u0131l\u0131ndan beri Oksijen T\u00fcp\u00fc Dolumu firmas\u0131 olarak, oksijen t\u00fcp\u00fc kiralama ve sat\u0131\u015f\u0131, oksijen t\u00fcp\u00fc dolumu, bu t\u00fcplerin bak\u0131m ve onar\u0131m hizmetlerini vermekteyiz. G\u00fcvenilir ve uygun fiyatl\u0131 hizmet i\u00e7in ileti\u015fim bilgilerimizde bize ula\u015fabilirsiniz. Oksijen t\u00fcp\u00fc ekipmanlar\u0131n\u0131 da firmam\u0131zdan rahatl\u0131kla temin edebilirsiniz. Anadolu Yakas\u0131 b\u00f6lgeleri i\u00e7in evlere hizmetimiz bulunmaktad\u0131r. Ayr\u0131ca saat 12:00&#8242; a kadar verdi\u011finiz sipari\u015fleriniz ayn\u0131 g\u00fcn i\u00e7erisinde teslim edilmektedir. \u0130htiyac\u0131n\u0131z oldu\u011fu her an buraday\u0131z. Sa\u011fl\u0131kl\u0131 g\u00fcnler dileriz.<\/p>\n<p>Oksijen T\u00fcp\u00fc Dolumu<\/p>\n<p>Oksijen T\u00fcp\u00fc Kiralama<\/p>\n<p>Oksijen T\u00fcp\u00fc Sat\u0131\u015f\u0131<\/p>\n<p>0554 493 43 43<\/p>\n","protected":false},"excerpt":{"rendered":"<p>2008 y\u0131l\u0131ndan beri Oksijen T\u00fcp\u00fc Dolumu firmas\u0131 olarak, oksijen t\u00fcp\u00fc kiralama ve sat\u0131\u015f\u0131, oksijen t\u00fcp\u00fc dolumu, bu t\u00fcplerin bak\u0131m ve onar\u0131m hizmetlerini vermekteyiz. G\u00fcvenilir ve uygun fiyatl\u0131 hizmet i\u00e7in ileti\u015fim bilgilerimizde bize ula\u015fabilirsiniz. Oksijen t\u00fcp\u00fc ekipmanlar\u0131n\u0131 da firmam\u0131zdan rahatl\u0131kla temin edebilirsiniz. Anadolu Yakas\u0131 b\u00f6lgeleri i\u00e7in evlere hizmetimiz bulunmaktad\u0131r. Ayr\u0131ca saat 12:00&#8242; a kadar verdi\u011finiz sipari\u015fleriniz [&hellip;]<\/p>\n","protected":false},"author":1,"featured_media":0,"parent":0,"menu_order":0,"comment_status":"closed","ping_status":"closed","template":"","meta":{"footnotes":""},"class_list":["post-16","page","type-page","status-publish","hentry"],"_links":{"self":[{"href":"https:\/\/www.oksijentupudolumu.com.tr\/index.php?rest_route=\/wp\/v2\/pages\/16","targetHints":{"allow":["GET"]}}],"collection":[{"href":"https:\/\/www.oksijentupudolumu.com.tr\/index.php?rest_route=\/wp\/v2\/pages"}],"about":[{"href":"https:\/\/www.oksijentupudolumu.com.tr\/index.php?rest_route=\/wp\/v2\/types\/page"}],"author":[{"embeddable":true,"href":"https:\/\/www.oksijentupudolumu.com.tr\/index.php?rest_route=\/wp\/v2\/users\/1"}],"replies":[{"embeddable":true,"href":"https:\/\/www.oksijentupudolumu.com.tr\/index.php?rest_route=%2Fwp%2Fv2%2Fcomments&post=16"}],"version-history":[{"count":0,"href":"https:\/\/www.oksijentupudolumu.com.tr\/index.php?rest_route=\/wp\/v2\/pages\/16\/revisions"}],"wp:attachment":[{"href":"https:\/\/www.oksijentupudolumu.com.tr\/index.php?rest_route=%2Fwp%2Fv2%2Fmedia&parent=16"}],"curies":[{"name":"wp","href":"https:\/\/api.w.org\/{rel}","templated":true}]}}